{"id":255,"date":"2013-05-17T21:46:59","date_gmt":"2013-05-17T19:46:59","guid":{"rendered":"http:\/\/kulturpro.wordpress.com\/?page_id=255"},"modified":"2013-05-23T18:47:08","modified_gmt":"2013-05-23T16:47:08","slug":"verein","status":"publish","type":"page","link":"http:\/\/newsic.net\/kulturpro\/?page_id=255","title":{"rendered":"F\u00f6rderverein"},"content":{"rendered":"<p><strong>Kulturpro<\/strong><\/p>\n<p>Verein zur F\u00f6rderung von Kultur, Bildung und Medienkompetenz (in Gr\u00fcndung)<\/p>\n<p style=\"text-align: justify;\"><a href=\"http:\/\/newsic.org\/kulturpro\/wp-content\/uploads\/2011\/04\/kanonzeichen.jpg\"><img loading=\"lazy\" class=\"alignleft size-full wp-image-215\" alt=\"Kanonzeichen\" src=\"http:\/\/newsic.org\/kulturpro\/wp-content\/uploads\/2011\/04\/kanonzeichen.jpg\" width=\"35\" height=\"51\" \/><\/a>Kulturpro wird 2013 von K\u00fcnstlern, Musikern und weiteren F\u00f6rderern und Unterst\u00fctzern begr\u00fcndet, um die Realisation von Kunst, Kultur- und Bildungsprojekten zu f\u00f6rdern.<\/p>\n<p style=\"text-align: justify;\"><strong>Klanglabor im SGS<\/strong><\/p>\n<p style=\"text-align: justify;\">im Oktober 2012 wurde die TonStudiokabine, die Doroth\u00e9e Hahne dem Verein spendet, im St\u00e4dtischen Gymnasium Schleiden (SGS) mit Unterst\u00fctzung der Kunststiftung NRW und der tatkr\u00e4ftigen Unterst\u00fctzung der Musiker der Band &#8222;End of an Era&#8220; aufgebaut. In Kooperation mit dem SGS und der Stadt Schleiden wird das Studio f\u00fcr CD-Produktionen und weitere Musik- und Medienprojekte genutzt. Um die Nutzung des Klanglabors so effektiv und gemein\u00fctzig wie m\u00f6glich zu gestalten und weitere Projekte zu unterst\u00fctzen, befindet sich Kulturpro als eingetragener F\u00f6rderverein in Gr\u00fcndung.<\/p>\n<p>Weitere Informationen zum <a title=\"Informationen zum Klanglabor\" href=\"http:\/\/newsic.net\/kulturpro\/?page_id=263\">Klanglabor finden Sie hier<\/a>.<\/p>\n","protected":false},"excerpt":{"rendered":"<p>Kulturpro Verein zur F\u00f6rderung von Kultur, Bildung und Medienkompetenz (in Gr\u00fcndung) Kulturpro wird 2013 von K\u00fcnstlern, Musikern und weiteren F\u00f6rderern und Unterst\u00fctzern begr\u00fcndet, um die Realisation von Kunst, Kultur- und Bildungsprojekten zu f\u00f6rdern. Klanglabor im SGS im Oktober 2012 wurde die TonStudiokabine, die Doroth\u00e9e Hahne dem Verein spendet, im St\u00e4dtischen Gymnasium Schleiden (SGS) mit Unterst\u00fctzung [&hellip;]<\/p>\n","protected":false},"author":2,"featured_media":0,"parent":0,"menu_order":3,"comment_status":"open","ping_status":"open","template":"","meta":[],"_links":{"self":[{"href":"http:\/\/newsic.net\/kulturpro\/index.php?rest_route=\/wp\/v2\/pages\/255"}],"collection":[{"href":"http:\/\/newsic.net\/kulturpro\/index.php?rest_route=\/wp\/v2\/pages"}],"about":[{"href":"http:\/\/newsic.net\/kulturpro\/index.php?rest_route=\/wp\/v2\/types\/page"}],"author":[{"embeddable":true,"href":"http:\/\/newsic.net\/kulturpro\/index.php?rest_route=\/wp\/v2\/users\/2"}],"replies":[{"embeddable":true,"href":"http:\/\/newsic.net\/kulturpro\/index.php?rest_route=%2Fwp%2Fv2%2Fcomments&post=255"}],"version-history":[{"count":2,"href":"http:\/\/newsic.net\/kulturpro\/index.php?rest_route=\/wp\/v2\/pages\/255\/revisions"}],"predecessor-version":[{"id":491,"href":"http:\/\/newsic.net\/kulturpro\/index.php?rest_route=\/wp\/v2\/pages\/255\/revisions\/491"}],"wp:attachment":[{"href":"http:\/\/newsic.net\/kulturpro\/index.php?rest_route=%2Fwp%2Fv2%2Fmedia&parent=255"}],"curies":[{"name":"wp","href":"https:\/\/api.w.org\/{rel}","templated":true}]}}